{"id":1785,"date":"2025-10-29T19:30:39","date_gmt":"2025-10-29T19:30:39","guid":{"rendered":"https:\/\/analuzpacheco.com\/?page_id=1785"},"modified":"2026-01-17T16:41:02","modified_gmt":"2026-01-17T16:41:02","slug":"about","status":"publish","type":"page","link":"https:\/\/analuzpacheco.com\/it\/about\/","title":{"rendered":"About"},"content":{"rendered":"<div data-elementor-type=\"wp-page\" data-elementor-id=\"1785\" class=\"elementor elementor-1785\">\n\t\t\t\t<div class=\"elementor-element elementor-element-dfbd5b1 e-flex e-con-boxed e-con e-parent\" data-id=\"dfbd5b1\" data-element_type=\"container\">\n\t\t\t\t\t<div class=\"e-con-inner\">\n\t\t\t\t<div class=\"elementor-element elementor-element-6e092d5 elementor-widget elementor-widget-html\" data-id=\"6e092d5\" data-element_type=\"widget\" data-widget_type=\"html.default\">\n\t\t\t\t\t<style>\r\n\/* ===== INTERRUPTOR ===== *\/\r\n.theme-toggle {\r\n  position: fixed;\r\n  top: 20px;\r\n  right: 25px;\r\n  width: 55px;\r\n  height: 30px;\r\n  background: #127B76;\r\n  border-radius: 30px;\r\n  cursor: pointer;\r\n  transition: background 0.4s ease;\r\n  display: flex;\r\n  align-items: center;\r\n  padding: 3px;\r\n  box-shadow: 0 2px 6px rgba(0,0,0,0.25);\r\n  z-index: 9999;\r\n}\r\n.toggle-circle {\r\n  width: 24px;\r\n  height: 24px;\r\n  background: #fff;\r\n  border-radius: 50%;\r\n  transition: transform 0.4s ease;\r\n}\r\n\r\n\/* ===== MODO OSCURO ===== *\/\r\nbody.dark-mode {\r\n  background-color: #1c1c1c !important;\r\n  color: #9CCCB0 !important;\r\n  transition: background-color 0.6s ease, color 0.6s ease;\r\n}\r\n\r\nbody.dark-mode .theme-toggle {\r\n  background: #9CCCB0;\r\n}\r\nbody.dark-mode .toggle-circle {\r\n  transform: translateX(25px);\r\n}\r\n\r\n\/* ===== TEXTOS ===== *\/\r\nbody {\r\n  transition: background-color 0.6s ease, color 0.6s ease;\r\n  color: #000; \/* texto base modo claro *\/\r\n}\r\np, span, li {\r\n  color: inherit;\r\n}\r\n\r\n\/* ===== LINKS ===== *\/\r\na {\r\n  color: #127B76;\r\n  transition: color 0.4s ease;\r\n}\r\nbody.dark-mode a {\r\n  color: #9CCCB0;\r\n}\r\nbody.dark-mode a:hover {\r\n  color: #F8760D;\r\n}\r\n\r\n\/* ===== OTROS ELEMENTOS (por si hay fondos blancos) ===== *\/\r\nbody.dark-mode .elementor-section,\r\nbody.dark-mode .elementor-column,\r\nbody.dark-mode .elementor-widget,\r\nbody.dark-mode .elementor-container {\r\n  background-color: transparent !important;\r\n}\r\n<\/style>\r\n\r\n<!-- INTERRUPTOR -->\r\n<div class=\"theme-toggle\" onclick=\"toggleTheme()\">\r\n  <div class=\"toggle-circle\"><\/div>\r\n<\/div>\r\n\r\n<script>\r\n\/* === Guardar y aplicar tema === *\/\r\nfunction applyTheme(theme) {\r\n  if (theme === \"dark\") {\r\n    document.body.classList.add(\"dark-mode\");\r\n  } else {\r\n    document.body.classList.remove(\"dark-mode\");\r\n  }\r\n}\r\n\r\n\/* === Alternar tema === *\/\r\nfunction toggleTheme() {\r\n  const isDark = document.body.classList.toggle(\"dark-mode\");\r\n  localStorage.setItem(\"theme\", isDark ? \"dark\" : \"light\");\r\n}\r\n\r\n\/* === Cargar tema guardado === *\/\r\ndocument.addEventListener(\"DOMContentLoaded\", () => {\r\n  const savedTheme = localStorage.getItem(\"theme\") || \"light\";\r\n  applyTheme(savedTheme);\r\n});\r\n<\/script>\r\n\r\n<style>\r\n\/* Forzar textos negros a blanco en modo oscuro *\/\r\nbody.dark-mode, \r\nbody.dark-mode p, \r\nbody.dark-mode span, \r\nbody.dark-mode h4, \r\nbody.dark-mode h5, \r\nbody.dark-mode li, \r\nbody.dark-mode div.elementor-widget-container {\r\n    color: #ffffff !important;\r\n}\r\n\r\n\/* Mantener tus textos verdes claros y naranja *\/\r\nbody.dark-mode a {\r\n    color: #9CCCB0 !important;\r\n}\r\nbody.dark-mode a:hover {\r\n    color: #F8760D !important;\r\n}\r\n<\/style>\r\n<style>\r\n\/* ===== TARJETAS: QUITAR FONDO Y USAR SOLO BORDE ===== *\/\r\n\r\n\/* Modo claro *\/\r\n.elementor-widget-container {\r\n  background-color: transparent !important;\r\n  border: 2px solid currentColor;\r\n  border-radius: 16px;\r\n  transition: border-color 0.6s ease, color 0.6s ease;\r\n}\r\n\r\n\/* Modo oscuro *\/\r\nbody.dark-mode .elementor-widget-container {\r\n  background-color: transparent !important;\r\n  border-color: currentColor;\r\n}\r\n<\/style>\r\n\t\t\t\t<\/div>\n\t\t\t\t\t<\/div>\n\t\t\t\t<\/div>\n\t\t<div class=\"elementor-element elementor-element-0c627c7 e-con-full e-flex e-con e-parent\" data-id=\"0c627c7\" data-element_type=\"container\">\n\t\t<div class=\"elementor-element elementor-element-3866964 e-con-full e-flex e-con e-child\" data-id=\"3866964\" data-element_type=\"container\">\n\t\t<div class=\"elementor-element elementor-element-1fde8bb e-con-full e-flex e-con e-child\" data-id=\"1fde8bb\" data-element_type=\"container\">\n\t\t\t\t<div class=\"elementor-element elementor-element-4b87f6f elementor-widget elementor-widget-image\" data-id=\"4b87f6f\" data-element_type=\"widget\" data-widget_type=\"image.default\">\n\t\t\t\t\t\t\t\t\t\t\t\t\t\t\t<img fetchpriority=\"high\" decoding=\"async\" width=\"800\" height=\"534\" src=\"https:\/\/analuzpacheco.com\/wp-content\/uploads\/2025\/11\/foto-ana-luz-web-1024x683.jpg\" class=\"attachment-large size-large wp-image-2007\" alt=\"foto ana luz web\" srcset=\"https:\/\/analuzpacheco.com\/wp-content\/uploads\/2025\/11\/foto-ana-luz-web-1024x683.jpg 1024w, https:\/\/analuzpacheco.com\/wp-content\/uploads\/2025\/11\/foto-ana-luz-web-300x200.jpg 300w, https:\/\/analuzpacheco.com\/wp-content\/uploads\/2025\/11\/foto-ana-luz-web-768x512.jpg 768w, https:\/\/analuzpacheco.com\/wp-content\/uploads\/2025\/11\/foto-ana-luz-web-1536x1024.jpg 1536w, https:\/\/analuzpacheco.com\/wp-content\/uploads\/2025\/11\/foto-ana-luz-web-18x12.jpg 18w, https:\/\/analuzpacheco.com\/wp-content\/uploads\/2025\/11\/foto-ana-luz-web.jpg 1555w\" sizes=\"(max-width: 800px) 100vw, 800px\" title=\"About\">\t\t\t\t\t\t\t\t\t\t\t\t\t\t\t<\/div>\n\t\t\t\t<\/div>\n\t\t<div class=\"elementor-element elementor-element-aed2776 e-con-full e-flex e-con e-child\" data-id=\"aed2776\" data-element_type=\"container\">\n\t\t\t\t<div class=\"elementor-element elementor-element-edd269a elementor-widget elementor-widget-heading\" data-id=\"edd269a\" data-element_type=\"widget\" data-widget_type=\"heading.default\">\n\t\t\t\t\t<h2 class=\"elementor-heading-title elementor-size-default\">Hola, soy ANA LUZ<\/h2>\t\t\t\t<\/div>\n\t\t\t\t<div class=\"elementor-element elementor-element-15e703e elementor-widget elementor-widget-text-editor\" data-id=\"15e703e\" data-element_type=\"widget\" data-widget_type=\"text-editor.default\">\n\t\t\t\t\t\t\t\t\t<p>Especializada en montaje y dise\u00f1adora autodidacta. Desde 2016 trabajo en la producci\u00f3n audiovisual y creaci\u00f3n de piezas digitales. Mi \u00fatilma experiencia laboral fue como asistente al montaje para la pel\u00edcula &#8220;DOPPEL&#8221;, una coproducci\u00f3n Jap\u00f3n-Italia.<\/p>\t\t\t\t\t\t\t\t<\/div>\n\t\t\t\t<div class=\"elementor-element elementor-element-2be5542 elementor-widget elementor-widget-image-carousel\" data-id=\"2be5542\" data-element_type=\"widget\" data-settings=\"{&quot;slides_to_show&quot;:&quot;3&quot;,&quot;slides_to_scroll&quot;:&quot;1&quot;,&quot;navigation&quot;:&quot;none&quot;,&quot;autoplay&quot;:&quot;yes&quot;,&quot;pause_on_hover&quot;:&quot;yes&quot;,&quot;pause_on_interaction&quot;:&quot;yes&quot;,&quot;autoplay_speed&quot;:5000,&quot;infinite&quot;:&quot;yes&quot;,&quot;speed&quot;:500}\" data-widget_type=\"image-carousel.default\">\n\t\t\t\t\t\t\t<div class=\"elementor-image-carousel-wrapper swiper\" role=\"region\" aria-roledescription=\"carousel\" aria-label=\"Carrusel de im\u00e1genes\" dir=\"ltr\">\n\t\t\t<div class=\"elementor-image-carousel swiper-wrapper\" aria-live=\"off\">\n\t\t\t\t\t\t\t\t<div class=\"swiper-slide\" role=\"group\" aria-roledescription=\"slide\" aria-label=\"1 di 8\"><figure class=\"swiper-slide-inner\"><img decoding=\"async\" class=\"swiper-slide-image\" src=\"https:\/\/analuzpacheco.com\/wp-content\/uploads\/2025\/11\/foto-ana-luz-2-web-1024x681.jpg\" alt=\"foto ana luz 2 web\" title=\"About\"><\/figure><\/div><div class=\"swiper-slide\" role=\"group\" aria-roledescription=\"slide\" aria-label=\"2 di 8\"><figure class=\"swiper-slide-inner\"><img decoding=\"async\" class=\"swiper-slide-image\" src=\"https:\/\/analuzpacheco.com\/wp-content\/uploads\/2025\/11\/foto-ana-luz-3-web.jpg\" alt=\"foto ana luz 3 web\" title=\"About\"><\/figure><\/div><div class=\"swiper-slide\" role=\"group\" aria-roledescription=\"slide\" aria-label=\"3 di 8\"><figure class=\"swiper-slide-inner\"><img decoding=\"async\" class=\"swiper-slide-image\" src=\"https:\/\/analuzpacheco.com\/wp-content\/uploads\/2025\/11\/foto-ana-luz-4-web.jpg\" alt=\"foto ana luz 4 web\" title=\"About\"><\/figure><\/div><div class=\"swiper-slide\" role=\"group\" aria-roledescription=\"slide\" aria-label=\"4 di 8\"><figure class=\"swiper-slide-inner\"><img decoding=\"async\" class=\"swiper-slide-image\" src=\"https:\/\/analuzpacheco.com\/wp-content\/uploads\/2025\/11\/foto-ana-luz-5-web-1024x683.jpg\" alt=\"foto ana luz 5 web\" title=\"About\"><\/figure><\/div><div class=\"swiper-slide\" role=\"group\" aria-roledescription=\"slide\" aria-label=\"5 di 8\"><figure class=\"swiper-slide-inner\"><img decoding=\"async\" class=\"swiper-slide-image\" src=\"https:\/\/analuzpacheco.com\/wp-content\/uploads\/2025\/11\/foto-ana-luz-6-web-1024x683.jpg\" alt=\"foto ana luz 6 web\" title=\"About\"><\/figure><\/div><div class=\"swiper-slide\" role=\"group\" aria-roledescription=\"slide\" aria-label=\"6 di 8\"><figure class=\"swiper-slide-inner\"><img decoding=\"async\" class=\"swiper-slide-image\" src=\"https:\/\/analuzpacheco.com\/wp-content\/uploads\/2025\/11\/foto-ana-luz-7-web-1024x683.jpg\" alt=\"foto ana luz 7 web\" title=\"About\"><\/figure><\/div><div class=\"swiper-slide\" role=\"group\" aria-roledescription=\"slide\" aria-label=\"7 di 8\"><figure class=\"swiper-slide-inner\"><img decoding=\"async\" class=\"swiper-slide-image\" src=\"https:\/\/analuzpacheco.com\/wp-content\/uploads\/2025\/11\/foto-ana-luz-8-web-1024x576.jpg\" alt=\"foto ana luz 8 web\" title=\"About\"><\/figure><\/div><div class=\"swiper-slide\" role=\"group\" aria-roledescription=\"slide\" aria-label=\"8 di 8\"><figure class=\"swiper-slide-inner\"><img decoding=\"async\" class=\"swiper-slide-image\" src=\"https:\/\/analuzpacheco.com\/wp-content\/uploads\/2025\/11\/foto-ana-luz-9-web-1024x683.jpg\" alt=\"foto ana luz 9 web\" title=\"About\"><\/figure><\/div>\t\t\t<\/div>\n\t\t\t\t\t\t\t\n\t\t\t\t\t\t\t\t\t<\/div>\n\t\t\t\t\t\t<\/div>\n\t\t\t\t<\/div>\n\t\t\t\t<\/div>\n\t\t\t\t<div class=\"elementor-element elementor-element-1d26cb2 elementor-widget elementor-widget-heading\" data-id=\"1d26cb2\" data-element_type=\"widget\" data-widget_type=\"heading.default\">\n\t\t\t\t\t<h2 class=\"elementor-heading-title elementor-size-default\">SOFTWARE<\/h2>\t\t\t\t<\/div>\n\t\t\t\t<div class=\"elementor-element elementor-element-50fd6c5 elementor-widget elementor-widget-html\" data-id=\"50fd6c5\" data-element_type=\"widget\" data-widget_type=\"html.default\">\n\t\t\t\t\t<style>\r\n.software-skills-container {\r\n  display: flex;\r\n  flex-wrap: wrap;\r\n  gap: 20px;\r\n  justify-content: center;\r\n  padding: 20px 0;\r\n}\r\n\r\n.software-item {\r\n  background:;\r\n  border-radius: 14px;\r\n  box-shadow: 0 4px 14px rgba(0,0,0,0.1);\r\n  padding: 1px 10px;\r\n  display: flex;\r\n  align-items: center;\r\n  gap: 12px;\r\n  transition: transform 0.3s ease, box-shadow 0.3s ease;\r\n  cursor: default;\r\n}\r\n\r\n.software-item:hover {\r\n  transform: translateY(-4px);\r\n  box-shadow: 0 8px 20px rgba(0,0,0,0.15);\r\n}\r\n\r\n.software-item img {\r\n  width: 50px;\r\n  height: 50px;\r\n  border-radius: 0px;\r\n}\r\n\r\n.software-item span {\r\n  font-size: 10px;\r\n  font-weight: 600;\r\n  color: #333;\r\n}\r\n\r\n\/* MOBILE *\/\r\n@media (max-width: 600px) {\r\n  .software-item {\r\n    width: 100%;\r\n    justify-content: center;\r\n  }\r\n}\r\n<\/style>\r\n\r\n<div class=\"software-skills-container\">\r\n\r\n  <!-- Illustrator -->\r\n  <div class=\"software-item\">\r\n    <img decoding=\"async\" src=\"http:\/\/analuzpacheco.com\/wp-content\/uploads\/2025\/11\/logo-AI.png\" alt=\"Logo AI\" title=\"About\">\r\n    <span>Adobe Illustrator<\/span>\r\n  <\/div>\r\n\r\n  <!-- Photoshop -->\r\n  <div class=\"software-item\">\r\n    <img decoding=\"async\" src=\"http:\/\/analuzpacheco.com\/wp-content\/uploads\/2025\/11\/logo-PS.png\" alt=\"Logo PS\" title=\"About\">\r\n    <span>Adobe Photoshop<\/span>\r\n  <\/div>\r\n\r\n  <!-- Premiere -->\r\n  <div class=\"software-item\">\r\n    <img decoding=\"async\" src=\"http:\/\/analuzpacheco.com\/wp-content\/uploads\/2025\/11\/logo-PR.png\" alt=\"Logo PR\" title=\"About\">\r\n    <span>Adobe Premiere Pro<\/span>\r\n  <\/div>\r\n\r\n  <!-- After Effects -->\r\n  <div class=\"software-item\">\r\n    <img decoding=\"async\" src=\"http:\/\/analuzpacheco.com\/wp-content\/uploads\/2025\/11\/logo-AE.png\" alt=\"Logo AE\" title=\"About\">\r\n    <span>Adobe After Effects<\/span>\r\n  <\/div>\r\n\r\n  <!-- Lightroom -->\r\n  <div class=\"software-item\">\r\n    <img decoding=\"async\" src=\"http:\/\/analuzpacheco.com\/wp-content\/uploads\/2025\/11\/logo-LR.png\" alt=\"Logo LR\" title=\"About\">\r\n    <span>Adobe Lightroom<\/span>\r\n  <\/div>\r\n\r\n  <!-- Audition -->\r\n  <div class=\"software-item\">\r\n    <img decoding=\"async\" src=\"http:\/\/analuzpacheco.com\/wp-content\/uploads\/2025\/11\/logo-AU.png\" alt=\"Logo AU\" title=\"About\">\r\n    <span>Adobe Audition<\/span>\r\n  <\/div>\r\n\r\n  <!-- Acrobat -->\r\n  <div class=\"software-item\">\r\n    <img decoding=\"async\" src=\"http:\/\/analuzpacheco.com\/wp-content\/uploads\/2025\/11\/logo-AC.png\" alt=\"Logo AC\" title=\"About\">\r\n    <span>Adobe Acrobat<\/span>\r\n  <\/div>\r\n\r\n  <!-- DaVinci Resolve -->\r\n  <div class=\"software-item\">\r\n    <img decoding=\"async\" src=\"http:\/\/analuzpacheco.com\/wp-content\/uploads\/2025\/11\/logo-DV.png\" alt=\"Logo DV\" title=\"About\">\r\n    <span>DaVinci Resolve<\/span>\r\n  <\/div>\r\n\r\n  <!-- WordPress -->\r\n  <div class=\"software-item\">\r\n    <img decoding=\"async\" src=\"http:\/\/analuzpacheco.com\/wp-content\/uploads\/2025\/11\/logo-WR.png\" alt=\"Logo WR\" title=\"About\">\r\n    <span>WordPress<\/span>\r\n  <\/div>\r\n\r\n  <!-- Canva -->\r\n  <div class=\"software-item\">\r\n    <img decoding=\"async\" src=\"http:\/\/analuzpacheco.com\/wp-content\/uploads\/2025\/11\/logo-CANVA.png\" alt=\"Logo CANVA\" title=\"About\">\r\n    <span>Canva<\/span>\r\n  <\/div>\r\n\r\n  <!-- Microsoft Office -->\r\n  <div class=\"software-item\">\r\n    <img decoding=\"async\" src=\"http:\/\/analuzpacheco.com\/wp-content\/uploads\/2025\/11\/logo-Word.png\" alt=\"Logo Word\" title=\"About\">\r\n    <span>Microsoft Office<\/span>\r\n  <\/div>\r\n\r\n<\/div>\r\n\t\t\t\t<\/div>\n\t\t<div class=\"elementor-element elementor-element-bd7ff74 e-flex e-con-boxed e-con e-child\" data-id=\"bd7ff74\" data-element_type=\"container\">\n\t\t\t\t\t<div class=\"e-con-inner\">\n\t\t\t\t<div class=\"elementor-element elementor-element-954a5d6 elementor-widget elementor-widget-text-editor\" data-id=\"954a5d6\" data-element_type=\"widget\" data-widget_type=\"text-editor.default\">\n\t\t\t\t\t\t\t\t\t<p>En el \u00faltimo a\u00f1o me form\u00e9 en montaje y post-producci\u00f3n audiovisual en <strong>Manifatture Digitali Cinema<\/strong>, Prato, IT, especializandome en distintos g\u00e9neros: documental, cortometraje, largometraje, publicidad, entre otros.<\/p><p>Complet\u00e9 tambi\u00e9n cursos de virtual production y color grading con <strong>DaVinci Resolve<\/strong>, consolidando una base t\u00e9cnica s\u00f3lida para proyectos complejos.<\/p><p>Mi formaci\u00f3n previa en <strong>Dise\u00f1o y Producci\u00f3n Audiovisual y Artes Visuales<\/strong> me dio una mirada integral que une lo t\u00e9cnico con lo creativo, mientras que experiencias en guion, fotograf\u00eda, animaci\u00f3n y comunicaci\u00f3n digital ampliaron mi comprensi\u00f3n del<strong> lenguaje audiovisual y de su potencial narrativo.<\/strong><\/p>\t\t\t\t\t\t\t\t<\/div>\n\t\t\t\t\t<\/div>\n\t\t\t\t<\/div>\n\t\t\t\t<\/div>\n\t\t<div class=\"elementor-element elementor-element-7d0aeff e-flex e-con-boxed e-con e-parent\" data-id=\"7d0aeff\" data-element_type=\"container\">\n\t\t\t\t\t<div class=\"e-con-inner\">\n\t\t\t\t\t<\/div>\n\t\t\t\t<\/div>\n\t\t\t\t<\/div>","protected":false},"excerpt":{"rendered":"<p>Hola, soy ANA LUZ Especializada en montaje y dise\u00f1adora autodidacta. Desde 2016 trabajo en la producci\u00f3n audiovisual y creaci\u00f3n de piezas digitales. Mi \u00fatilma experiencia laboral fue como asistente al montaje para la pel\u00edcula &#8220;DOPPEL&#8221;, una coproducci\u00f3n Jap\u00f3n-Italia. SOFTWARE Adobe Illustrator Adobe Photoshop Adobe Premiere Pro Adobe After Effects Adobe Lightroom Adobe Audition Adobe Acrobat [&hellip;]<\/p>","protected":false},"author":1,"featured_media":0,"parent":0,"menu_order":0,"comment_status":"closed","ping_status":"closed","template":"","meta":{"_uag_custom_page_level_css":"","footnotes":""},"class_list":["post-1785","page","type-page","status-publish","hentry"],"uagb_featured_image_src":{"full":false,"thumbnail":false,"medium":false,"medium_large":false,"large":false,"1536x1536":false,"2048x2048":false,"trp-custom-language-flag":false},"uagb_author_info":{"display_name":"anitapacheco36@gmail.com","author_link":"https:\/\/analuzpacheco.com\/it\/author\/anitapacheco36gmail-com\/"},"uagb_comment_info":0,"uagb_excerpt":"Hola, soy ANA LUZ Especializada en montaje y dise\u00f1adora autodidacta. Desde 2016 trabajo en la producci\u00f3n audiovisual y creaci\u00f3n de piezas digitales. Mi \u00fatilma experiencia laboral fue como asistente al montaje para la pel\u00edcula &#8220;DOPPEL&#8221;, una coproducci\u00f3n Jap\u00f3n-Italia. SOFTWARE Adobe Illustrator Adobe Photoshop Adobe Premiere Pro Adobe After Effects Adobe Lightroom Adobe Audition Adobe Acrobat&hellip;","_links":{"self":[{"href":"https:\/\/analuzpacheco.com\/it\/wp-json\/wp\/v2\/pages\/1785","targetHints":{"allow":["GET"]}}],"collection":[{"href":"https:\/\/analuzpacheco.com\/it\/wp-json\/wp\/v2\/pages"}],"about":[{"href":"https:\/\/analuzpacheco.com\/it\/wp-json\/wp\/v2\/types\/page"}],"author":[{"embeddable":true,"href":"https:\/\/analuzpacheco.com\/it\/wp-json\/wp\/v2\/users\/1"}],"replies":[{"embeddable":true,"href":"https:\/\/analuzpacheco.com\/it\/wp-json\/wp\/v2\/comments?post=1785"}],"version-history":[{"count":46,"href":"https:\/\/analuzpacheco.com\/it\/wp-json\/wp\/v2\/pages\/1785\/revisions"}],"predecessor-version":[{"id":2068,"href":"https:\/\/analuzpacheco.com\/it\/wp-json\/wp\/v2\/pages\/1785\/revisions\/2068"}],"wp:attachment":[{"href":"https:\/\/analuzpacheco.com\/it\/wp-json\/wp\/v2\/media?parent=1785"}],"curies":[{"name":"wp","href":"https:\/\/api.w.org\/{rel}","templated":true}]}}